{"id":62,"date":"2023-07-04T07:13:52","date_gmt":"2023-07-04T07:13:52","guid":{"rendered":"https:\/\/steinkjerfrisbeeklubb.no\/wordpress\/?page_id=62"},"modified":"2023-07-04T11:13:46","modified_gmt":"2023-07-04T11:13:46","slug":"om-steinkjer-frisbeeklubb-og-disc-golf","status":"publish","type":"page","link":"https:\/\/www.steinkjerfrisbeeklubb.no\/","title":{"rendered":"Om Steinkjer Frisbeeklubb og Disc Golf"},"content":{"rendered":"<div class=\"wp-block-image\">\n<figure class=\"aligncenter size-full\"><img decoding=\"async\" loading=\"lazy\" width=\"184\" height=\"200\" src=\"https:\/\/www.steinkjerfrisbeeklubb.no\/wp-content\/uploads\/2023\/07\/Logo-Small.png\" alt=\"\" class=\"wp-image-12\"\/><\/figure><\/div>\n\n\n<p>Steinkjer Frisbeeklubb er en voksende idrettsklubb som har sin hovedbase p\u00e5 Lerkehaug Discgolfpark. Klubben har laget to baner; Guldbergaunet Frisbeebane (\u00e5pnet 2014) og Lerkehaug Discgolfpark (\u00e5pnet 2020). <\/p>\n\n\n\n<p>Klubben har ukesgolf hver onsdag og s\u00f8ndag i sommerhalv\u00e5ret, og her er alle sammen velkomne til \u00e5 bli med. Har du lyst til \u00e5 pr\u00f8ve disc golf, men du vet ikke om dette er noe for deg? Meld deg p\u00e5 en ukesgolf og spill sammen med andre. B\u00e5de nybegynnere og erfarne spillere er med her, s\u00e5 vel som unge og gamle. Du trenger ikke v\u00e6re medlem for \u00e5 pr\u00f8ve disc golf!<\/p>\n\n\n\n<p>P\u00e5meliding finner du her (klikk i nedtrekksmenyen for \u00e5 finne riktig dato):<\/p>\n\n\n\n<ul>\n<li>S\u00f8ndagsgolf 2023: <a href=\"https:\/\/discgolfmetrix.com\/2510657\">https:\/\/discgolfmetrix.com\/2510657<\/a><\/li>\n\n\n\n<li>Onsdagsgolf 2023: <a href=\"https:\/\/discgolfmetrix.com\/2518260\">https:\/\/discgolfmetrix.com\/2518260<\/a><\/li>\n<\/ul>\n\n\n\n<p>Det meste av fortl\u00f8pende informasjon blir postet p\u00e5 Facebook-gruppen v\u00e5r. Her finner du nyheter fra klubben, informasjon om ukesgolfer og turneringer, og ikke minst bilder og gratulasjoner n\u00e5r det aces p\u00e5 banene (noe som skjer oftere enn man skulle tro \ud83d\ude00 ). <\/p>\n\n\n\n<ul>\n<li>Facebook-gruppe: <a href=\"https:\/\/www.facebook.com\/groups\/291031271072651\" target=\"_blank\" rel=\"noreferrer noopener\">https:\/\/www.facebook.com\/groups\/291031271072651<\/a><\/li>\n<\/ul>\n\n\n\n<h2 class=\"wp-block-heading\">Hva er Disc Golf?<\/h2>\n\n\n\n<p>Frisbeegolf (ogs\u00e5 kalt Diskgolf) har vokst fra en marginalhobby til en popul\u00e6r sport blant mennesker i alle aldre. Idretten er i stor vekst over hele verden. I Skandinavia er det mer enn 450 frisbeegolfbaner. Sporten appellerer til alle. B\u00e5de barn i skolealder og eldre kan spille frisbeegolf og ikke minst kan de gj\u00f8re det sammen. I tillegg rekrutterer frisbeegolf mange som har sluttet med annen aktividrett som vil ha en ny spennende fritidsaktivitet. Spillet er lett og forst\u00e5, rimelig \u00e5 delta p\u00e5 og veldig engasjerende.<br><\/p>\n\n\n\n<p>Det grunnleggende prinsippet i frisbeegolf er sv\u00e6rt likt tradisjonell golf. I frisbeegolf er imidlertid k\u00f8lle og ball erstattet med golf frisbeer (disker) som kommer i mange former og vekter med forskjellige egenskaper. I stedet for et hull i bakken, er m\u00e5let i frisbeegolf en metallkurv. Den spilleren som bruker minst antall kast i l\u00f8pet av runden&nbsp;vinner.<\/p>\n\n\n\n<h2 class=\"wp-block-heading\">Hva trenger jeg for \u00e5 spille?<\/h2>\n\n\n\n<p>Du trenger egentlig bare 1 disk, en s\u00e5kalt &#8220;putter&#8221;, men det vanligste er \u00e5 starte med et nybegynnersett som best\u00e5r av 3 disker: en putter, en midrange og en driver. Et nybegynnersett koster vanligvis mellom 300-400 kroner, og det er alt man trenger. I prinsippet er det enklest \u00e5 bare trene med en putter helt i starten, og s\u00e5 sakte men sikkert pr\u00f8ve litt raskere disker som midrange og driver.<\/p>\n\n\n\n<h2 class=\"wp-block-heading\">Hvordan kaster man?<\/h2>\n\n\n\n<p><strong>Putting<\/strong><\/p>\n\n\n\n<figure class=\"wp-block-embed is-type-video is-provider-youtube wp-block-embed-youtube wp-embed-aspect-16-9 wp-has-aspect-ratio\"><div class=\"wp-block-embed__wrapper\">\n<iframe loading=\"lazy\" title=\"Discmania Deep in the Game: Ep 1 - Putting (Instructional Disc Golf video)\" width=\"680\" height=\"383\" src=\"https:\/\/www.youtube.com\/embed\/TLowvHyhSWU?feature=oembed\" frameborder=\"0\" allow=\"accelerometer; autoplay; clipboard-write; encrypted-media; gyroscope; picture-in-picture; web-share\" allowfullscreen><\/iframe>\n<\/div><\/figure>\n\n\n\n<p><strong>Backhand<\/strong><\/p>\n\n\n\n<figure class=\"wp-block-embed is-type-video is-provider-youtube wp-block-embed-youtube wp-embed-aspect-16-9 wp-has-aspect-ratio\"><div class=\"wp-block-embed__wrapper\">\n<iframe loading=\"lazy\" title=\"Discmania Deep in the Game: Ep 2 - Backhand (Instructional Disc Golf video)\" width=\"680\" height=\"383\" src=\"https:\/\/www.youtube.com\/embed\/rCs5u9ecVis?feature=oembed\" frameborder=\"0\" allow=\"accelerometer; autoplay; clipboard-write; encrypted-media; gyroscope; picture-in-picture; web-share\" allowfullscreen><\/iframe>\n<\/div><\/figure>\n\n\n\n<p><strong>Forehand<\/strong><\/p>\n\n\n\n<figure class=\"wp-block-embed is-type-video is-provider-youtube wp-block-embed-youtube wp-embed-aspect-16-9 wp-has-aspect-ratio\"><div class=\"wp-block-embed__wrapper\">\n<iframe loading=\"lazy\" title=\"Discmania Deep in the Game: Ep 3 - Sidearm (Instructional Disc Golf video)\" width=\"680\" height=\"383\" src=\"https:\/\/www.youtube.com\/embed\/x7ewCoZ8BwM?feature=oembed\" frameborder=\"0\" allow=\"accelerometer; autoplay; clipboard-write; encrypted-media; gyroscope; picture-in-picture; web-share\" allowfullscreen><\/iframe>\n<\/div><\/figure>\n","protected":false},"excerpt":{"rendered":"<p>Steinkjer Frisbeeklubb er en voksende idrettsklubb som har sin hovedbase p\u00e5 Lerkehaug Discgolfpark. Klubben har laget to baner; Guldbergaunet Frisbeebane [&hellip;]<\/p>\n","protected":false},"author":1,"featured_media":0,"parent":0,"menu_order":0,"comment_status":"closed","ping_status":"closed","template":"","meta":[],"_links":{"self":[{"href":"https:\/\/www.steinkjerfrisbeeklubb.no\/index.php\/wp-json\/wp\/v2\/pages\/62"}],"collection":[{"href":"https:\/\/www.steinkjerfrisbeeklubb.no\/index.php\/wp-json\/wp\/v2\/pages"}],"about":[{"href":"https:\/\/www.steinkjerfrisbeeklubb.no\/index.php\/wp-json\/wp\/v2\/types\/page"}],"author":[{"embeddable":true,"href":"https:\/\/www.steinkjerfrisbeeklubb.no\/index.php\/wp-json\/wp\/v2\/users\/1"}],"replies":[{"embeddable":true,"href":"https:\/\/www.steinkjerfrisbeeklubb.no\/index.php\/wp-json\/wp\/v2\/comments?post=62"}],"version-history":[{"count":6,"href":"https:\/\/www.steinkjerfrisbeeklubb.no\/index.php\/wp-json\/wp\/v2\/pages\/62\/revisions"}],"predecessor-version":[{"id":85,"href":"https:\/\/www.steinkjerfrisbeeklubb.no\/index.php\/wp-json\/wp\/v2\/pages\/62\/revisions\/85"}],"wp:attachment":[{"href":"https:\/\/www.steinkjerfrisbeeklubb.no\/index.php\/wp-json\/wp\/v2\/media?parent=62"}],"curies":[{"name":"wp","href":"https:\/\/api.w.org\/{rel}","templated":true}]}}